{"id":3349,"date":"2023-05-19T14:18:39","date_gmt":"2023-05-19T14:18:39","guid":{"rendered":"https:\/\/platomix1213.com\/?page_id=3349"},"modified":"2024-09-16T13:07:05","modified_gmt":"2024-09-16T13:07:05","slug":"compliance","status":"publish","type":"page","link":"https:\/\/platomix1213.com\/de\/compliance\/","title":{"rendered":"AGB"},"content":{"rendered":"<div data-elementor-type=\"wp-page\" data-elementor-id=\"3349\" class=\"elementor elementor-3349\">\n\t\t\t\t\t\t<section data-marvy_enable_drop_animation=\"false\" data-marvy_enable_fancy_rotate=\"false\" data-marvy_enable_flying_object=\"false\" data-marvy_enable_ripples_animation=\"false\" data-marvy_enable_waves_animation=\"false\" data-marvy_enable_rings_animation=\"false\" data-marvy_enable_topology_animation=\"false\" data-marvy_enable_gradient_animation=\"false\" data-marvy_enable_snow_animation=\"false\" data-marvy_enable_firework_animation=\"false\" data-marvy_enable_cloud_animation=\"false\" class=\"elementor-section elementor-top-section elementor-element elementor-element-9cb9b79 elementor-section-boxed elementor-section-height-default elementor-section-height-default jltma-glass-effect-no\" data-id=\"9cb9b79\" data-element_type=\"section\" data-settings=\"{&quot;background_background&quot;:&quot;classic&quot;}\">\n\t\t\t\t\t\t<div class=\"elementor-container elementor-column-gap-default\">\n\t\t\t\t\t<div class=\"elementor-column elementor-col-100 elementor-top-column elementor-element elementor-element-3fc8f16 jltma-glass-effect-no\" data-id=\"3fc8f16\" data-element_type=\"column\">\n\t\t\t<div class=\"elementor-widget-wrap elementor-element-populated\">\n\t\t\t\t\t\t<div class=\"elementor-element elementor-element-5a20ef8 jltma-glass-effect-no elementor-widget elementor-widget-spacer\" data-id=\"5a20ef8\" data-element_type=\"widget\" data-widget_type=\"spacer.default\">\n\t\t\t\t<div class=\"elementor-widget-container\">\n\t\t\t\t\t\t\t<div class=\"elementor-spacer\">\n\t\t\t<div class=\"elementor-spacer-inner\"><\/div>\n\t\t<\/div>\n\t\t\t\t\t\t<\/div>\n\t\t\t\t<\/div>\n\t\t\t\t<div class=\"elementor-element elementor-element-763c55f jltma-glass-effect-no elementor-widget elementor-widget-heading\" data-id=\"763c55f\" data-element_type=\"widget\" data-widget_type=\"heading.default\">\n\t\t\t\t<div class=\"elementor-widget-container\">\n\t\t\t\t\t<h2 class=\"elementor-heading-title elementor-size-default\">Datenschutzbestimmungen<\/h2>\t\t\t\t<\/div>\n\t\t\t\t<\/div>\n\t\t\t\t<div class=\"elementor-element elementor-element-fd9db04 jltma-glass-effect-no elementor-widget elementor-widget-text-editor\" data-id=\"fd9db04\" data-element_type=\"widget\" data-widget_type=\"text-editor.default\">\n\t\t\t\t<div class=\"elementor-widget-container\">\n\t\t\t\t\t\t\t\t\t<p>01<br \/>Erkl\u00e4rung zum Datenschutz<\/p><p>1.1. Der Schutz der Privatsph\u00e4re und der Schutz der pers\u00f6nlichen und finanziellen Daten unserer Kunden und Website-Besucher ist eine unserer h\u00f6chsten Priorit\u00e4ten. Die folgende Datenschutzerkl\u00e4rung erl\u00e4utert, wie wir Ihre Daten erfassen und sch\u00fctzen. Mit der Er\u00f6ffnung eines Kontos oder der Nutzung unserer Website geben Sie Ihr Einverst\u00e4ndnis zur Erfassung und Verwendung personenbezogener Daten durch uns, wie in dieser Datenschutzerkl\u00e4rung erl\u00e4utert.<\/p><p>1.2. Im Sinne der Datenschutzgesetze von 1988 und 2003 ist der Inhaber der Daten avan trade (\"wir\", \"uns\", \"unser\").<br \/>02<br \/>Erhebung von personenbezogenen Daten<\/p><p>2.1. Wir sammeln Informationen, die f\u00fcr die Er\u00f6ffnung eines Kontos, die effektive Abwicklung von Gesch\u00e4ften und den Schutz Ihres Verm\u00f6gens und Ihrer Privatsph\u00e4re erforderlich sind. Zu diesem Zweck sammeln wir Informationen, die uns helfen, Ihre Bed\u00fcrfnisse und Pr\u00e4ferenzen einzusch\u00e4tzen.<\/p><p>2.2. Zu den Informationen, die wir direkt von Ihnen erheben, geh\u00f6ren Informationen, die wir ben\u00f6tigen, um mit Ihnen zu kommunizieren, einschlie\u00dflich Ihres Namens, Ihrer Postanschrift, Ihrer Telefonnummer, Ihrer E-Mail-Adresse und um Sie zu identifizieren. Bei der Er\u00f6ffnung eines Kontos erheben wir auch demografische Daten wie Geburtsdatum, Ausbildung, Beruf usw. sowie Informationen \u00fcber Ihre Transaktionen mit uns. Um Ihre finanzielle Situation zu beurteilen, bewerten wir auch Ihre Handelserfahrung, Ihr ungef\u00e4hres Jahreseinkommen und Ihr ungef\u00e4hres Nettoverm\u00f6gen.<br \/>03<br \/>Verwendung personenbezogener Daten<\/p><p>Wir verwenden personenbezogene Daten nur in dem Ma\u00dfe, wie es erforderlich ist, um Ihnen einen hochwertigen Service und Sicherheit zu bieten. Beispielsweise k\u00f6nnen wir die von Ihnen gesammelten Informationen verwenden, um Ihre Identit\u00e4t und Kontaktinformationen zu \u00fcberpr\u00fcfen. Wir k\u00f6nnen diese Informationen auch verwenden, um Ihr Handelskonto einzurichten, eine Kontonummer und ein sicheres Passwort zu vergeben, Ihre Kontobewegungen zu verwalten und Sie mit den entsprechenden Kontoinformationen zu kontaktieren. Diese Informationen helfen uns, unsere Dienstleistungen f\u00fcr Sie zu verbessern, Ihr Surferlebnis individuell zu gestalten und Sie \u00fcber zus\u00e4tzliche Produkte, Dienstleistungen oder Werbeaktionen zu informieren, die f\u00fcr Sie von Interesse sein k\u00f6nnten.<br \/>04<br \/>Unsere angeschlossenen Unternehmen und Partner<\/p><p>Wir k\u00f6nnen Informationen an verbundene Unternehmen weitergeben, wenn die Informationen erforderlich sind, um das von Ihnen angeforderte Produkt oder die Dienstleistung bereitzustellen oder um Ihnen die M\u00f6glichkeit zu geben, an den von unseren verbundenen Unternehmen angebotenen Produkten oder Dienstleistungen teilzunehmen. Wir k\u00f6nnen auch Partnerschaften und Allianzen, einschlie\u00dflich gemeinsamer Marketingvereinbarungen, mit anderen Unternehmen eingehen, die hochwertige Produkte und Dienstleistungen anbieten, die f\u00fcr unsere Kunden von Nutzen sein k\u00f6nnten. Um sicherzustellen, dass diese Produkte und Dienstleistungen Ihren Bed\u00fcrfnissen entsprechen und in einer Art und Weise geliefert werden, die n\u00fctzlich und relevant ist, k\u00f6nnen wir einige Informationen mit Partnern, verbundenen Unternehmen und Allianzen teilen. Auf diese Weise k\u00f6nnen sie die Angebote besser verstehen, die f\u00fcr sie am relevantesten und n\u00fctzlichsten sind. Die Verwendung Ihrer pers\u00f6nlichen Daten ist auf die Zwecke beschr\u00e4nkt, die in unserer Beziehung mit dem Partner oder dem angeschlossenen Unternehmen festgelegt sind.<br \/>05<br \/>Nicht angeschlossene Dritte<\/p><p>5.1. Wir verkaufen, lizenzieren, vermieten oder geben Ihre pers\u00f6nlichen Daten aus keinem Grund an Dritte weiter, au\u00dfer wie unten beschrieben.<\/p><p>5.2. Wir behalten uns das Recht vor, Ihre pers\u00f6nlichen Daten an Dritte weiterzugeben, wenn dies gesetzlich vorgeschrieben ist, an Aufsichts-, Strafverfolgungs- oder andere Regierungsbeh\u00f6rden, oder wenn dies zum Schutz unserer Rechte oder unseres Eigentums erforderlich ist.<\/p><p>5.3. Um uns zu helfen, unsere Dienstleistungen f\u00fcr Sie zu verbessern, k\u00f6nnen wir ein anderes Unternehmen beauftragen, uns bei der Durchf\u00fchrung bestimmter interner Funktionen zu helfen, wie z. B. Kontobearbeitung, Auftragsabwicklung, Kundendienst, Umfragen zur Kundenzufriedenheit oder andere Unterst\u00fctzungsdienste oder Datenerfassungsaktivit\u00e4ten, die f\u00fcr unser Gesch\u00e4ft relevant sind. Daten, die wir von Ihnen erheben, k\u00f6nnen auch an einen Ort au\u00dferhalb des Europ\u00e4ischen Wirtschaftsraums (\"EWR\"), einschlie\u00dflich der Vereinigten Staaten, \u00fcbermittelt und dort gespeichert werden. Sie k\u00f6nnen auch von Mitarbeitern au\u00dferhalb des EWR verarbeitet werden, die f\u00fcr uns oder einen unserer Lieferanten arbeiten. Wir k\u00f6nnen auch Kundeninformationen aus unserer Datenbank an Dritte weitergeben, um Kundenbed\u00fcrfnisse zu analysieren und zu identifizieren und Kunden \u00fcber Produkt- und Dienstleistungsangebote zu informieren. Die Verwendung der weitergegebenen Informationen ist streng auf die Erf\u00fcllung der von uns angeforderten Aufgabe beschr\u00e4nkt und dient keinem anderen Zweck. Alle Dritten, an die wir personenbezogene Daten weitergeben, sind verpflichtet, personenbezogene Daten in \u00e4hnlicher Weise zu sch\u00fctzen, wie wir dies tun.<br \/>06<br \/>Sicherheit<\/p><p>6.1. Alle Informationen, die Sie uns zur Verf\u00fcgung stellen, werden auf sicheren Servern gespeichert. Alle Zahlungstransaktionen werden mit der SSL-Technologie verschl\u00fcsselt. Wenn wir Ihnen ein Passwort gegeben haben (oder Sie ein solches gew\u00e4hlt haben), das Ihnen den Zugang zu bestimmten Teilen unserer Website erm\u00f6glicht, sind Sie daf\u00fcr verantwortlich, dieses Passwort geheim zu halten. Wir bitten Sie, Ihr Passwort nicht an Dritte weiterzugeben.<\/p><p>6.2. Leider ist die \u00dcbertragung von Informationen \u00fcber das Internet nicht v\u00f6llig sicher. Obwohl wir unser Bestes tun, um Ihre pers\u00f6nlichen Daten zu sch\u00fctzen, k\u00f6nnen wir die Sicherheit Ihrer an unsere Website \u00fcbermittelten Daten nicht garantieren; jede \u00dcbermittlung erfolgt auf Ihr eigenes Risiko. Sobald wir Ihre Daten erhalten haben, werden wir strenge Verfahren und Sicherheitsvorkehrungen anwenden, um einen unbefugten Zugriff zu verhindern.<br \/>07<br \/>Einschr\u00e4nkung der Verantwortung<\/p><p>Sollten Sie sich zu irgendeinem Zeitpunkt entscheiden, ein Produkt oder eine Dienstleistung zu erwerben, die von einem anderen Unternehmen angeboten wird, unterliegen alle pers\u00f6nlichen Daten, die Sie diesem Unternehmen mitteilen, nicht mehr unserer Datenschutzerkl\u00e4rung. Wir sind nicht verantwortlich f\u00fcr die Datenschutzrichtlinien oder den Inhalt von Websites, auf die wir verlinken, und haben keine Kontrolle \u00fcber die Verwendung oder den Schutz der von Ihnen bereitgestellten oder von diesen Websites gesammelten Informationen. Wenn Sie sich f\u00fcr einen Link zu einer Co-Branding-Website oder zu einer verlinkten Website entscheiden, werden Sie m\u00f6glicherweise aufgefordert, sich zu registrieren oder andere Informationen anzugeben. Bitte beachten Sie, dass die von Ihnen bereitgestellten Informationen an Dritte weitergegeben werden, und Sie sollten sich mit den Datenschutzrichtlinien dieser Dritten vertraut machen.<br \/>08<br \/>Marketing<\/p><p>8.1. Wir k\u00f6nnen Ihre Daten verwenden, um Ihnen Informationen \u00fcber unsere Waren und Dienstleistungen zukommen zu lassen, die f\u00fcr Sie von Interesse sein k\u00f6nnten, und wir oder unsere Vertreter k\u00f6nnen Sie diesbez\u00fcglich per Post und Telefon kontaktieren.<\/p><p>8.2. Wenn Sie ein bestehender Kunde sind, werden wir Sie nur auf elektronischem Wege (z. B. per E-Mail, Voicemail oder SMS) mit Informationen \u00fcber unsere Waren und Dienstleistungen kontaktieren, die denen \u00e4hneln, die Gegenstand eines fr\u00fcheren Verkaufs an Sie waren.<\/p><p>8.3. Wenn Sie nicht m\u00f6chten, dass wir Ihre Daten auf diese Weise verwenden, kreuzen Sie bitte die entsprechenden K\u00e4stchen an, wenn wir Ihre Marketingpr\u00e4ferenzen erfassen. Sie k\u00f6nnen Ihre Pr\u00e4ferenzen jederzeit \u00e4ndern, indem Sie sich an einen Kundenbetreuer wenden. Eine von einem Kontoinhaber eines Gemeinschaftskontos getroffene Opt-out-Wahl gilt f\u00fcr alle Kontoinhaber des Gemeinschaftskontos. F\u00fcr jedes einzelne Konto, das Sie bei uns f\u00fchren, m\u00fcssen Sie eine Opt-out-Wahl treffen.<br \/>09<br \/>Verwendung von \"Cookies\"<\/p><p>9.1. Wir verwenden Cookies, um uns bei der Sicherung Ihrer Handelsaktivit\u00e4ten zu unterst\u00fctzen und die Leistung unserer Website zu verbessern. (Cookies sind kleine Textdateien, die vom Webserver an Ihren Computer gesendet werden.) Die von uns verwendeten Cookies enthalten weder pers\u00f6nliche Daten noch Konto- oder Passwortinformationen. Sie erm\u00f6glichen es der Website lediglich zu erkennen, dass eine Seitenanfrage von jemandem kommt, der sich bereits angemeldet hat.<\/p><p>9.2. Wir k\u00f6nnen Website-Nutzungsinformationen \u00fcber Besucher der Website an renommierte Werbeunternehmen weitergeben, um unsere Internet-Bannerwerbung auf dieser Website und anderen Websites gezielt zu platzieren. Zu diesem Zweck k\u00f6nnen Pixel-Tags (auch Clear Gifs oder Web Beacons genannt) verwendet werden, um die von Ihnen besuchten Seiten zu notieren. Die von dem Werbeunternehmen durch die Verwendung dieser Pixel-Tags gesammelten Informationen sind nicht pers\u00f6nlich identifizierbar.<br \/>10<br \/>Ihre Rechte<\/p><p>Sie haben das Recht, eine Kopie der Informationen anzufordern, die wir \u00fcber Sie gespeichert haben. Hierf\u00fcr k\u00f6nnen wir eine Geb\u00fchr erheben, die 5,00 \u20ac nicht \u00fcberschreiten wird. Sie haben au\u00dferdem das Recht, auf Ihre Daten zuzugreifen, etwaige Ungenauigkeiten in den von uns \u00fcber Sie gespeicherten Daten zu \u00e4ndern, der Verwendung Ihrer Daten zu widersprechen und eine bestimmte Verwendung Ihrer Daten zu sperren, indem Sie einen schriftlichen Antrag an Green Ultra stellen.<br \/>11<br \/>\u00c4nderungen an dieser Datenschutzerkl\u00e4rung<\/p><p>Von Zeit zu Zeit k\u00f6nnen wir diese Datenschutzerkl\u00e4rung aktualisieren. Falls wir diese Datenschutzerkl\u00e4rung \u00e4ndern, wird die \u00fcberarbeitete Datenschutzerkl\u00e4rung umgehend auf der Website ver\u00f6ffentlicht und wir werden Sie auf unserer Website \u00fcber diese \u00c4nderungen informieren. Sie erkl\u00e4ren sich damit einverstanden, die elektronische Ver\u00f6ffentlichung einer \u00fcberarbeiteten Datenschutzerkl\u00e4rung auf der Website als tats\u00e4chliche Mitteilung an Sie zu akzeptieren. Jede Streitigkeit \u00fcber unsere Datenschutzerkl\u00e4rung unterliegt diesem Hinweis und unserer Kundenvereinbarung. Wir empfehlen Ihnen, diese Erkl\u00e4rung regelm\u00e4\u00dfig zu \u00fcberpr\u00fcfen, damit Sie immer wissen, welche Informationen wir sammeln, wie wir sie verwenden und an wen wir sie weitergeben. Wenn Sie Fragen haben, die in dieser Erkl\u00e4rung nicht angesprochen werden, wenden Sie sich bitte an einen Mitarbeiter des Kundendienstes.<br \/>Erstattungspolitik<br \/>01<br \/>Erkl\u00e4rung zum Datenschutz<\/p><p>R\u00fcckerstattungs- und Stornierungspolitik: Das Unternehmen deckt seine Gesch\u00e4fte automatisch ab, basierend auf einer mathematischen Berechnung des Risikos. Das Unternehmen ist berechtigt, jeden Handel zu stornieren, die au\u00dferhalb der automatischen Berechnung aus irgendeinem Grund es entscheidet, unabh\u00e4ngig von der Art oder Position. Arbitrage-Handel \/ Scalping Handelsmethoden werden in keiner Art und Weise akzeptiert und werden als illegale Transaktion betrachtet.<\/p><p>Beispiel f\u00fcr R\u00fcckerstattung: Der Kunde hat Anspruch auf eine vollst\u00e4ndige R\u00fcckerstattung seiner ungenutzten Gelder. Falls der Kunde seine Gelder verloren hat, gibt es keine R\u00fcckerstattung f\u00fcr diese Gelder und das Unternehmen wird nicht daf\u00fcr verantwortlich gemacht. Um die R\u00fcckerstattung zu erhalten, muss der Kunde eine vollst\u00e4ndige KYC-Dokumentation vorlegen. Nachdem wir diese Dokumente erhalten haben, werden wir den Antrag bearbeiten und das Unternehmen wird den Prozess der R\u00fcckerstattung auf die gleiche Einzahlungsmethode, die der Kunde zuerst angegeben hat, innerhalb von 7 Tagen ohne \u00dcberweisungsgeb\u00fchren einleiten.<\/p>\t\t\t\t\t\t\t\t<\/div>\n\t\t\t\t<\/div>\n\t\t\t\t<div class=\"elementor-element elementor-element-e09fe2b jltma-glass-effect-no elementor-widget elementor-widget-spacer\" data-id=\"e09fe2b\" data-element_type=\"widget\" data-widget_type=\"spacer.default\">\n\t\t\t\t<div class=\"elementor-widget-container\">\n\t\t\t\t\t\t\t<div class=\"elementor-spacer\">\n\t\t\t<div class=\"elementor-spacer-inner\"><\/div>\n\t\t<\/div>\n\t\t\t\t\t\t<\/div>\n\t\t\t\t<\/div>\n\t\t\t\t\t<\/div>\n\t\t<\/div>\n\t\t\t\t\t<\/div>\n\t\t<\/section>\n\t\t\t\t<\/div>","protected":false},"excerpt":{"rendered":"<p>Privacy Policy 01Privacy Statement 1.1. Protecting the privacy and safeguarding the personal and financial information of our clients and Web site visitors [&hellip;]<\/p>","protected":false},"author":3,"featured_media":0,"parent":0,"menu_order":0,"comment_status":"closed","ping_status":"closed","template":"","meta":{"nf_dc_page":"","om_disable_all_campaigns":false,"_monsterinsights_skip_tracking":false,"_monsterinsights_sitenote_active":false,"_monsterinsights_sitenote_note":"","_monsterinsights_sitenote_category":0,"footnotes":""},"class_list":["post-3349","page","type-page","status-publish","hentry"],"yoast_head":"<!-- This site is optimized with the Yoast SEO plugin v24.4 - https:\/\/yoast.com\/wordpress\/plugins\/seo\/ -->\n<title>Compliance - Royals Fund<\/title>\n<meta name=\"robots\" content=\"noindex, follow, max-snippet:-1, max-image-preview:large, max-video-preview:-1\" \/>\n<meta property=\"og:locale\" content=\"de_DE\" \/>\n<meta property=\"og:type\" content=\"article\" \/>\n<meta property=\"og:title\" content=\"Compliance - Royals Fund\" \/>\n<meta property=\"og:description\" content=\"Privacy Policy 01Privacy Statement 1.1. Protecting the privacy and safeguarding the personal and financial information of our clients and Web site visitors [&hellip;]\" \/>\n<meta property=\"og:url\" content=\"https:\/\/platomix1213.com\/de\/compliance\/\" \/>\n<meta property=\"og:site_name\" content=\"Royals Fund\" \/>\n<meta property=\"article:modified_time\" content=\"2024-09-16T13:07:05+00:00\" \/>\n<meta name=\"twitter:card\" content=\"summary_large_image\" \/>\n<meta name=\"twitter:label1\" content=\"Gesch\u00e4tzte Lesezeit\" \/>\n\t<meta name=\"twitter:data1\" content=\"8\u00a0Minuten\" \/>\n<script type=\"application\/ld+json\" class=\"yoast-schema-graph\">{\"@context\":\"https:\/\/schema.org\",\"@graph\":[{\"@type\":\"WebPage\",\"@id\":\"https:\/\/platomix1213.com\/compliance\/\",\"url\":\"https:\/\/platomix1213.com\/compliance\/\",\"name\":\"Compliance - Royals Fund\",\"isPartOf\":{\"@id\":\"https:\/\/platomix1213.com\/#website\"},\"datePublished\":\"2023-05-19T14:18:39+00:00\",\"dateModified\":\"2024-09-16T13:07:05+00:00\",\"breadcrumb\":{\"@id\":\"https:\/\/platomix1213.com\/compliance\/#breadcrumb\"},\"inLanguage\":\"de\",\"potentialAction\":[{\"@type\":\"ReadAction\",\"target\":[\"https:\/\/platomix1213.com\/compliance\/\"]}]},{\"@type\":\"BreadcrumbList\",\"@id\":\"https:\/\/platomix1213.com\/compliance\/#breadcrumb\",\"itemListElement\":[{\"@type\":\"ListItem\",\"position\":1,\"name\":\"Home\",\"item\":\"https:\/\/platomix1213.com\/\"},{\"@type\":\"ListItem\",\"position\":2,\"name\":\"Compliance\"}]},{\"@type\":\"WebSite\",\"@id\":\"https:\/\/platomix1213.com\/#website\",\"url\":\"https:\/\/platomix1213.com\/\",\"name\":\"Royals Fund\",\"description\":\"\",\"potentialAction\":[{\"@type\":\"SearchAction\",\"target\":{\"@type\":\"EntryPoint\",\"urlTemplate\":\"https:\/\/platomix1213.com\/?s={search_term_string}\"},\"query-input\":{\"@type\":\"PropertyValueSpecification\",\"valueRequired\":true,\"valueName\":\"search_term_string\"}}],\"inLanguage\":\"de\"}]}<\/script>\n<!-- \/ Yoast SEO plugin. -->","yoast_head_json":{"title":"Compliance - Royals Fund","robots":{"index":"noindex","follow":"follow","max-snippet":"max-snippet:-1","max-image-preview":"max-image-preview:large","max-video-preview":"max-video-preview:-1"},"og_locale":"de_DE","og_type":"article","og_title":"Compliance - Royals Fund","og_description":"Privacy Policy 01Privacy Statement 1.1. Protecting the privacy and safeguarding the personal and financial information of our clients and Web site visitors [&hellip;]","og_url":"https:\/\/platomix1213.com\/de\/compliance\/","og_site_name":"Royals Fund","article_modified_time":"2024-09-16T13:07:05+00:00","twitter_card":"summary_large_image","twitter_misc":{"Gesch\u00e4tzte Lesezeit":"8\u00a0Minuten"},"schema":{"@context":"https:\/\/schema.org","@graph":[{"@type":"WebPage","@id":"https:\/\/platomix1213.com\/compliance\/","url":"https:\/\/platomix1213.com\/compliance\/","name":"Compliance - Royals Fund","isPartOf":{"@id":"https:\/\/platomix1213.com\/#website"},"datePublished":"2023-05-19T14:18:39+00:00","dateModified":"2024-09-16T13:07:05+00:00","breadcrumb":{"@id":"https:\/\/platomix1213.com\/compliance\/#breadcrumb"},"inLanguage":"de","potentialAction":[{"@type":"ReadAction","target":["https:\/\/platomix1213.com\/compliance\/"]}]},{"@type":"BreadcrumbList","@id":"https:\/\/platomix1213.com\/compliance\/#breadcrumb","itemListElement":[{"@type":"ListItem","position":1,"name":"Home","item":"https:\/\/platomix1213.com\/"},{"@type":"ListItem","position":2,"name":"Compliance"}]},{"@type":"WebSite","@id":"https:\/\/platomix1213.com\/#website","url":"https:\/\/platomix1213.com\/","name":"Royals Fund","description":"","potentialAction":[{"@type":"SearchAction","target":{"@type":"EntryPoint","urlTemplate":"https:\/\/platomix1213.com\/?s={search_term_string}"},"query-input":{"@type":"PropertyValueSpecification","valueRequired":true,"valueName":"search_term_string"}}],"inLanguage":"de"}]}},"_links":{"self":[{"href":"https:\/\/platomix1213.com\/de\/wp-json\/wp\/v2\/pages\/3349","targetHints":{"allow":["GET"]}}],"collection":[{"href":"https:\/\/platomix1213.com\/de\/wp-json\/wp\/v2\/pages"}],"about":[{"href":"https:\/\/platomix1213.com\/de\/wp-json\/wp\/v2\/types\/page"}],"author":[{"embeddable":true,"href":"https:\/\/platomix1213.com\/de\/wp-json\/wp\/v2\/users\/3"}],"replies":[{"embeddable":true,"href":"https:\/\/platomix1213.com\/de\/wp-json\/wp\/v2\/comments?post=3349"}],"version-history":[{"count":5,"href":"https:\/\/platomix1213.com\/de\/wp-json\/wp\/v2\/pages\/3349\/revisions"}],"predecessor-version":[{"id":4461,"href":"https:\/\/platomix1213.com\/de\/wp-json\/wp\/v2\/pages\/3349\/revisions\/4461"}],"wp:attachment":[{"href":"https:\/\/platomix1213.com\/de\/wp-json\/wp\/v2\/media?parent=3349"}],"curies":[{"name":"wp","href":"https:\/\/api.w.org\/{rel}","templated":true}]}}