{"id":3349,"date":"2023-05-19T14:18:39","date_gmt":"2023-05-19T14:18:39","guid":{"rendered":"https:\/\/platomix1213.com\/?page_id=3349"},"modified":"2024-09-16T13:07:05","modified_gmt":"2024-09-16T13:07:05","slug":"compliance","status":"publish","type":"page","link":"https:\/\/platomix1213.com\/it\/compliance\/","title":{"rendered":"Conformit\u00e0"},"content":{"rendered":"<div data-elementor-type=\"wp-page\" data-elementor-id=\"3349\" class=\"elementor elementor-3349\">\n\t\t\t\t\t\t<section data-marvy_enable_drop_animation=\"false\" data-marvy_enable_fancy_rotate=\"false\" data-marvy_enable_flying_object=\"false\" data-marvy_enable_ripples_animation=\"false\" data-marvy_enable_waves_animation=\"false\" data-marvy_enable_rings_animation=\"false\" data-marvy_enable_topology_animation=\"false\" data-marvy_enable_gradient_animation=\"false\" data-marvy_enable_snow_animation=\"false\" data-marvy_enable_firework_animation=\"false\" data-marvy_enable_cloud_animation=\"false\" class=\"elementor-section elementor-top-section elementor-element elementor-element-9cb9b79 elementor-section-boxed elementor-section-height-default elementor-section-height-default jltma-glass-effect-no\" data-id=\"9cb9b79\" data-element_type=\"section\" data-settings=\"{&quot;background_background&quot;:&quot;classic&quot;}\">\n\t\t\t\t\t\t<div class=\"elementor-container elementor-column-gap-default\">\n\t\t\t\t\t<div class=\"elementor-column elementor-col-100 elementor-top-column elementor-element elementor-element-3fc8f16 jltma-glass-effect-no\" data-id=\"3fc8f16\" data-element_type=\"column\">\n\t\t\t<div class=\"elementor-widget-wrap elementor-element-populated\">\n\t\t\t\t\t\t<div class=\"elementor-element elementor-element-5a20ef8 jltma-glass-effect-no elementor-widget elementor-widget-spacer\" data-id=\"5a20ef8\" data-element_type=\"widget\" data-widget_type=\"spacer.default\">\n\t\t\t\t<div class=\"elementor-widget-container\">\n\t\t\t\t\t\t\t<div class=\"elementor-spacer\">\n\t\t\t<div class=\"elementor-spacer-inner\"><\/div>\n\t\t<\/div>\n\t\t\t\t\t\t<\/div>\n\t\t\t\t<\/div>\n\t\t\t\t<div class=\"elementor-element elementor-element-763c55f jltma-glass-effect-no elementor-widget elementor-widget-heading\" data-id=\"763c55f\" data-element_type=\"widget\" data-widget_type=\"heading.default\">\n\t\t\t\t<div class=\"elementor-widget-container\">\n\t\t\t\t\t<h2 class=\"elementor-heading-title elementor-size-default\">Informativa sulla privacy<\/h2>\t\t\t\t<\/div>\n\t\t\t\t<\/div>\n\t\t\t\t<div class=\"elementor-element elementor-element-fd9db04 jltma-glass-effect-no elementor-widget elementor-widget-text-editor\" data-id=\"fd9db04\" data-element_type=\"widget\" data-widget_type=\"text-editor.default\">\n\t\t\t\t<div class=\"elementor-widget-container\">\n\t\t\t\t\t\t\t\t\t<p>01<br \/>Dichiarazione sulla privacy<\/p><p>1.1. La tutela della privacy e la salvaguardia delle informazioni personali e finanziarie dei nostri clienti e dei visitatori del sito Web sono una delle nostre massime priorit\u00e0. La seguente Informativa sulla privacy spiega come raccogliamo e proteggiamo le vostre informazioni. Aprendo un conto o utilizzando il nostro sito web, acconsentite alla raccolta e all'utilizzo delle informazioni personali da parte nostra, come spiegato nella presente informativa sulla privacy.<\/p><p>1.2. Ai fini dei Data Protection Acts, 1988 e 2003, il titolare del trattamento dei dati \u00e8 avan trade (\"noi\", \"ci\", \"nostro\").<br \/>02<br \/>Raccolta di informazioni personali<\/p><p>2.1. Raccogliamo le informazioni necessarie per l'apertura di un conto, per operare efficacemente e per salvaguardare i vostri beni e la vostra privacy. A tal fine, raccogliamo informazioni che ci aiutano a valutare le vostre esigenze e preferenze.<\/p><p>2.2. Le informazioni che raccogliamo direttamente dall'utente includono le informazioni necessarie per comunicare con lui, tra cui il nome, l'indirizzo postale, il numero di telefono, l'indirizzo e-mail e per identificare la sua identit\u00e0. Raccogliamo anche informazioni demografiche al momento dell'apertura del conto, tra cui la data di nascita, l'istruzione, l'occupazione, ecc. e informazioni sulle transazioni effettuate con noi. Valutiamo anche la vostra esperienza di trading, il vostro reddito annuale approssimativo e il vostro patrimonio netto approssimativo per valutare la vostra posizione finanziaria.<br \/>03<br \/>Utilizzo delle informazioni personali<\/p><p>Le informazioni personali vengono utilizzate solo in modo appropriato per fornire all'utente un servizio di qualit\u00e0 e sicurezza. Ad esempio, possiamo utilizzare le informazioni raccolte per verificare la vostra identit\u00e0 e le vostre informazioni di contatto. Possiamo anche utilizzare queste informazioni per creare e impostare il vostro conto di trading, assegnare un numero di conto e una password sicura, gestire l'attivit\u00e0 del vostro conto e contattarvi con le relative informazioni sul conto. Queste informazioni ci aiutano a migliorare i nostri servizi, a personalizzare la vostra esperienza di navigazione e a informarvi su ulteriori prodotti, servizi o promozioni che potrebbero interessarvi.<br \/>04<br \/>I nostri affiliati e partner<\/p><p>Possiamo condividere le informazioni con le societ\u00e0 affiliate se le informazioni sono necessarie per fornire il prodotto o il servizio richiesto dall'utente o per offrire all'utente la possibilit\u00e0 di partecipare ai prodotti o ai servizi offerti dalle nostre societ\u00e0 affiliate. Possiamo anche stringere partnership e alleanze, che possono includere accordi di marketing congiunto, con altre societ\u00e0 che offrono prodotti e servizi di alta qualit\u00e0 che potrebbero essere utili ai nostri clienti. Per garantire che questi prodotti e servizi soddisfino le vostre esigenze e siano forniti in modo utile e pertinente, possiamo condividere alcune informazioni con partner, affiliati e alleanze. Ci\u00f2 consente loro di comprendere meglio le offerte pi\u00f9 pertinenti e utili. L'uso dei vostri dati personali \u00e8 limitato agli scopi identificati nel nostro rapporto con il partner o l'affiliato.<br \/>05<br \/>Terzi non affiliati<\/p><p>5.1. Non vendiamo, concediamo in licenza, affittiamo o divulghiamo in altro modo le informazioni personali dell'utente a terzi per nessun motivo, ad eccezione di quanto descritto di seguito.<\/p><p>5.2. Ci riserviamo il diritto di divulgare le informazioni personali dell'utente a terzi, se richiesto dalla legge, alle autorit\u00e0 di regolamentazione, alle forze dell'ordine o ad altre autorit\u00e0 governative o se necessario per proteggere i nostri diritti o la nostra propriet\u00e0.<\/p><p>5.3. Per aiutarci a migliorare i nostri servizi all'utente, potremmo incaricare un'altra azienda di aiutarci a svolgere alcune funzioni interne come l'elaborazione dei conti, l'evasione degli ordini, l'assistenza ai clienti, i sondaggi sulla soddisfazione dei clienti o altri servizi di supporto o attivit\u00e0 di raccolta dati rilevanti per la nostra attivit\u00e0. Le informazioni che raccogliamo da voi possono anche essere trasferite e conservate in una destinazione al di fuori dello Spazio Economico Europeo (\"SEE\"), compresi gli Stati Uniti. Possono anche essere elaborate da personale che opera al di fuori del SEE e che lavora per noi o per uno dei nostri fornitori. Possiamo anche fornire a terzi le informazioni sui clienti contenute nel nostro database per aiutarci ad analizzare e identificare le esigenze dei clienti e per informarli sulle offerte di prodotti e servizi. L'uso delle informazioni condivise \u00e8 strettamente limitato all'esecuzione del compito richiesto e per nessun altro scopo. Tutte le terze parti con cui condividiamo le informazioni personali sono tenute a proteggere le informazioni personali in modo analogo a come noi proteggiamo le informazioni personali.<br \/>06<br \/>Sicurezza<\/p><p>6.1. Tutte le informazioni fornite dall'utente vengono memorizzate su server sicuri. Tutte le transazioni di pagamento saranno criptate utilizzando la tecnologia SSL. Nel caso in cui vi abbiamo fornito (o abbiate scelto) una password che vi consente di accedere a determinate parti del nostro sito Web, siete tenuti a mantenerla riservata. Vi chiediamo di non condividere la password con nessuno.<\/p><p>6.2. Purtroppo la trasmissione di informazioni via Internet non \u00e8 completamente sicura. Sebbene faremo del nostro meglio per proteggere i vostri dati personali, non possiamo garantire la sicurezza dei dati trasmessi al nostro sito Web; qualsiasi trasmissione \u00e8 a vostro rischio e pericolo. Una volta ricevute le vostre informazioni, utilizzeremo procedure rigorose e funzioni di sicurezza per cercare di prevenire accessi non autorizzati.<br \/>07<br \/>Limitazione della responsabilit\u00e0<\/p><p>Se in qualsiasi momento l'utente sceglie di acquistare un prodotto o un servizio offerto da un'altra societ\u00e0, qualsiasi informazione personale condivisa con tale societ\u00e0 non sar\u00e0 pi\u00f9 controllata dalla nostra Informativa sulla privacy. Non siamo responsabili delle politiche sulla privacy o del contenuto dei siti a cui ci colleghiamo e non abbiamo alcun controllo sull'uso o sulla protezione delle informazioni fornite dall'utente o raccolte da tali siti. Ogni volta che decidete di collegarvi a un sito web co-branded o a un sito web collegato, potrebbe esservi chiesto di fornire informazioni di registrazione o di altro tipo. Si prega di notare che le informazioni fornite vengono trasmesse a una terza parte e si consiglia di familiarizzare con l'informativa sulla privacy fornita da tale terza parte.<br \/>08<br \/>Marketing<\/p><p>8.1. Potremmo utilizzare i vostri dati per fornirvi informazioni sui nostri prodotti e servizi che potrebbero interessarvi e noi o i nostri agenti potremmo contattarvi per posta e per telefono.<\/p><p>8.2. Se siete gi\u00e0 clienti, vi contatteremo solo con mezzi elettronici (come e-mail, segreteria telefonica o SMS) per fornirvi informazioni sui nostri prodotti e servizi simili a quelli che sono stati oggetto di una vostra precedente vendita.<\/p><p>8.3. Se non desiderate che i vostri dati vengano utilizzati in questo modo, siete pregati di spuntare le relative caselle quando raccogliamo le vostre preferenze di marketing. Potete modificare le vostre preferenze in qualsiasi momento contattando un rappresentante del Servizio clienti. Una scelta di opt-out effettuata da un titolare di un conto congiunto \u00e8 applicabile a tutti i titolari del conto congiunto. L'opzione di opt-out deve essere effettuata per ogni conto separato detenuto presso di noi.<br \/>09<br \/>Utilizzo dei \"cookies\"<\/p><p>9.1. Utilizziamo i cookie per aiutarci a proteggere le vostre attivit\u00e0 commerciali e per migliorare le prestazioni del nostro sito web. (I cookie sono piccoli file di testo inviati dal server Web al computer dell'utente) I cookie da noi utilizzati non contengono informazioni personali n\u00e9 informazioni su account o password. Consentono semplicemente al sito di riconoscere che una richiesta di pagina proviene da una persona che ha gi\u00e0 effettuato l'accesso.<\/p><p>9.2. Possiamo condividere le informazioni sull'utilizzo del sito web da parte dei visitatori del sito con societ\u00e0 pubblicitarie affidabili per indirizzare i nostri banner pubblicitari su Internet su questo sito e su altri siti. A tale scopo, possono essere utilizzati pixel tag (chiamati anche clear gif o web beacon) per annotare le pagine visitate dall'utente. Le informazioni raccolte dalla societ\u00e0 pubblicitaria attraverso l'uso di questi pixel tag non sono identificabili personalmente.<br \/>10<br \/>I vostri diritti<\/p><p>Avete il diritto di richiedere una copia delle informazioni in nostro possesso che vi riguardano. Potremmo addebitare un costo che non superer\u00e0 i 5,00 euro. Avete inoltre il diritto di accedere ai vostri dati, di modificare eventuali inesattezze nei dati in nostro possesso, il diritto di opporvi all'utilizzo dei vostri dati e il diritto di bloccare qualsiasi utilizzo specifico dei vostri dati, mediante richiesta scritta a Green Ultra.<br \/>11<br \/>Modifiche alla presente informativa sulla privacy<\/p><p>Di tanto in tanto, potremmo aggiornare la presente Informativa sulla privacy. In caso di modifica della presente Informativa sulla privacy, l'Informativa sulla privacy modificata sar\u00e0 tempestivamente pubblicata sul sito Web e noi pubblicheremo un avviso sul nostro sito Web per informarvi di tali modifiche. L'utente accetta di accettare la pubblicazione di un'Informativa sulla privacy rivista elettronicamente sul sito Web come notifica effettiva all'utente. Qualsiasi controversia sulla nostra Informativa sulla privacy \u00e8 soggetta a questo avviso e al nostro Contratto con i clienti. Vi invitiamo a consultare periodicamente questa informativa in modo da sapere sempre quali informazioni raccogliamo, come le utilizziamo e a chi le divulghiamo. In caso di domande che non trovano risposta in questa informativa, si prega di contattare un rappresentante del Servizio Clienti.<br \/>Politica di rimborso<br \/>01<br \/>Dichiarazione sulla privacy<\/p><p>Refund And Cancellation Policy: The company covers its trades automatically, based on a mathematical calculation of exposure. The company is entitled to cancel any trade, made outside of the automatic calculation for any reason it decides, no matter the type or position. Arbitrage trading \/ scalping trading methods are not accepted in any type or form and will be considered as an illegal transaction.<\/p><p>Esempio di rimborso: Il cliente ha diritto a un rimborso completo dei suoi fondi non utilizzati; nel caso in cui il cliente abbia perso i suoi fondi, non \u00e8 previsto alcun rimborso per questi fondi e la societ\u00e0 non sar\u00e0 ritenuta responsabile. Per ricevere il rimborso il cliente deve presentare una documentazione KYC completa. Dopo aver ottenuto tali documenti, la societ\u00e0 elaborer\u00e0 la richiesta e avvier\u00e0 il processo di rimborso sullo stesso metodo di deposito indicato dal cliente all'inizio entro 7 giorni, escluse le spese di trasferimento.<\/p>\t\t\t\t\t\t\t\t<\/div>\n\t\t\t\t<\/div>\n\t\t\t\t<div class=\"elementor-element elementor-element-e09fe2b jltma-glass-effect-no elementor-widget elementor-widget-spacer\" data-id=\"e09fe2b\" data-element_type=\"widget\" data-widget_type=\"spacer.default\">\n\t\t\t\t<div class=\"elementor-widget-container\">\n\t\t\t\t\t\t\t<div class=\"elementor-spacer\">\n\t\t\t<div class=\"elementor-spacer-inner\"><\/div>\n\t\t<\/div>\n\t\t\t\t\t\t<\/div>\n\t\t\t\t<\/div>\n\t\t\t\t\t<\/div>\n\t\t<\/div>\n\t\t\t\t\t<\/div>\n\t\t<\/section>\n\t\t\t\t<\/div>","protected":false},"excerpt":{"rendered":"<p>Privacy Policy 01Privacy Statement 1.1. Protecting the privacy and safeguarding the personal and financial information of our clients and Web site visitors [&hellip;]<\/p>","protected":false},"author":3,"featured_media":0,"parent":0,"menu_order":0,"comment_status":"closed","ping_status":"closed","template":"","meta":{"nf_dc_page":"","om_disable_all_campaigns":false,"_monsterinsights_skip_tracking":false,"_monsterinsights_sitenote_active":false,"_monsterinsights_sitenote_note":"","_monsterinsights_sitenote_category":0,"footnotes":""},"class_list":["post-3349","page","type-page","status-publish","hentry"],"yoast_head":"<!-- This site is optimized with the Yoast SEO plugin v24.4 - https:\/\/yoast.com\/wordpress\/plugins\/seo\/ -->\n<title>Compliance - Royals Fund<\/title>\n<meta name=\"robots\" content=\"noindex, follow, max-snippet:-1, max-image-preview:large, max-video-preview:-1\" \/>\n<meta property=\"og:locale\" content=\"it_IT\" \/>\n<meta property=\"og:type\" content=\"article\" \/>\n<meta property=\"og:title\" content=\"Compliance - Royals Fund\" \/>\n<meta property=\"og:description\" content=\"Privacy Policy 01Privacy Statement 1.1. Protecting the privacy and safeguarding the personal and financial information of our clients and Web site visitors [&hellip;]\" \/>\n<meta property=\"og:url\" content=\"https:\/\/platomix1213.com\/it\/compliance\/\" \/>\n<meta property=\"og:site_name\" content=\"Royals Fund\" \/>\n<meta property=\"article:modified_time\" content=\"2024-09-16T13:07:05+00:00\" \/>\n<meta name=\"twitter:card\" content=\"summary_large_image\" \/>\n<meta name=\"twitter:label1\" content=\"Tempo di lettura stimato\" \/>\n\t<meta name=\"twitter:data1\" content=\"8 minuti\" \/>\n<script type=\"application\/ld+json\" class=\"yoast-schema-graph\">{\"@context\":\"https:\/\/schema.org\",\"@graph\":[{\"@type\":\"WebPage\",\"@id\":\"https:\/\/platomix1213.com\/compliance\/\",\"url\":\"https:\/\/platomix1213.com\/compliance\/\",\"name\":\"Compliance - Royals Fund\",\"isPartOf\":{\"@id\":\"https:\/\/platomix1213.com\/#website\"},\"datePublished\":\"2023-05-19T14:18:39+00:00\",\"dateModified\":\"2024-09-16T13:07:05+00:00\",\"breadcrumb\":{\"@id\":\"https:\/\/platomix1213.com\/compliance\/#breadcrumb\"},\"inLanguage\":\"it-IT\",\"potentialAction\":[{\"@type\":\"ReadAction\",\"target\":[\"https:\/\/platomix1213.com\/compliance\/\"]}]},{\"@type\":\"BreadcrumbList\",\"@id\":\"https:\/\/platomix1213.com\/compliance\/#breadcrumb\",\"itemListElement\":[{\"@type\":\"ListItem\",\"position\":1,\"name\":\"Home\",\"item\":\"https:\/\/platomix1213.com\/\"},{\"@type\":\"ListItem\",\"position\":2,\"name\":\"Compliance\"}]},{\"@type\":\"WebSite\",\"@id\":\"https:\/\/platomix1213.com\/#website\",\"url\":\"https:\/\/platomix1213.com\/\",\"name\":\"Royals Fund\",\"description\":\"\",\"potentialAction\":[{\"@type\":\"SearchAction\",\"target\":{\"@type\":\"EntryPoint\",\"urlTemplate\":\"https:\/\/platomix1213.com\/?s={search_term_string}\"},\"query-input\":{\"@type\":\"PropertyValueSpecification\",\"valueRequired\":true,\"valueName\":\"search_term_string\"}}],\"inLanguage\":\"it-IT\"}]}<\/script>\n<!-- \/ Yoast SEO plugin. -->","yoast_head_json":{"title":"Compliance - Royals Fund","robots":{"index":"noindex","follow":"follow","max-snippet":"max-snippet:-1","max-image-preview":"max-image-preview:large","max-video-preview":"max-video-preview:-1"},"og_locale":"it_IT","og_type":"article","og_title":"Compliance - Royals Fund","og_description":"Privacy Policy 01Privacy Statement 1.1. Protecting the privacy and safeguarding the personal and financial information of our clients and Web site visitors [&hellip;]","og_url":"https:\/\/platomix1213.com\/it\/compliance\/","og_site_name":"Royals Fund","article_modified_time":"2024-09-16T13:07:05+00:00","twitter_card":"summary_large_image","twitter_misc":{"Tempo di lettura stimato":"8 minuti"},"schema":{"@context":"https:\/\/schema.org","@graph":[{"@type":"WebPage","@id":"https:\/\/platomix1213.com\/compliance\/","url":"https:\/\/platomix1213.com\/compliance\/","name":"Compliance - Royals Fund","isPartOf":{"@id":"https:\/\/platomix1213.com\/#website"},"datePublished":"2023-05-19T14:18:39+00:00","dateModified":"2024-09-16T13:07:05+00:00","breadcrumb":{"@id":"https:\/\/platomix1213.com\/compliance\/#breadcrumb"},"inLanguage":"it-IT","potentialAction":[{"@type":"ReadAction","target":["https:\/\/platomix1213.com\/compliance\/"]}]},{"@type":"BreadcrumbList","@id":"https:\/\/platomix1213.com\/compliance\/#breadcrumb","itemListElement":[{"@type":"ListItem","position":1,"name":"Home","item":"https:\/\/platomix1213.com\/"},{"@type":"ListItem","position":2,"name":"Compliance"}]},{"@type":"WebSite","@id":"https:\/\/platomix1213.com\/#website","url":"https:\/\/platomix1213.com\/","name":"Royals Fund","description":"","potentialAction":[{"@type":"SearchAction","target":{"@type":"EntryPoint","urlTemplate":"https:\/\/platomix1213.com\/?s={search_term_string}"},"query-input":{"@type":"PropertyValueSpecification","valueRequired":true,"valueName":"search_term_string"}}],"inLanguage":"it-IT"}]}},"_links":{"self":[{"href":"https:\/\/platomix1213.com\/it\/wp-json\/wp\/v2\/pages\/3349","targetHints":{"allow":["GET"]}}],"collection":[{"href":"https:\/\/platomix1213.com\/it\/wp-json\/wp\/v2\/pages"}],"about":[{"href":"https:\/\/platomix1213.com\/it\/wp-json\/wp\/v2\/types\/page"}],"author":[{"embeddable":true,"href":"https:\/\/platomix1213.com\/it\/wp-json\/wp\/v2\/users\/3"}],"replies":[{"embeddable":true,"href":"https:\/\/platomix1213.com\/it\/wp-json\/wp\/v2\/comments?post=3349"}],"version-history":[{"count":5,"href":"https:\/\/platomix1213.com\/it\/wp-json\/wp\/v2\/pages\/3349\/revisions"}],"predecessor-version":[{"id":4461,"href":"https:\/\/platomix1213.com\/it\/wp-json\/wp\/v2\/pages\/3349\/revisions\/4461"}],"wp:attachment":[{"href":"https:\/\/platomix1213.com\/it\/wp-json\/wp\/v2\/media?parent=3349"}],"curies":[{"name":"wp","href":"https:\/\/api.w.org\/{rel}","templated":true}]}}